{"id":2302,"date":"2025-11-06T22:12:55","date_gmt":"2025-11-06T21:12:55","guid":{"rendered":"http:\/\/wordpress2069625.home.pl\/autoinstalator\/wordpressplus1\/?page_id=2302"},"modified":"2025-11-25T22:52:07","modified_gmt":"2025-11-25T21:52:07","slug":"as2-home","status":"publish","type":"page","link":"https:\/\/nowemedia24.pl\/","title":{"rendered":"as2-Home"},"content":{"rendered":"<div class=\"wpb-content-wrapper\"><p>[vc_row css_animation=&#8221;fadeInUp&#8221; css=&#8221;.vc_custom_1595433103545{padding-top: 50px !important;padding-bottom: 120px !important;}&#8221;][vc_column]<div class=\"ult-animation  ult-animate-viewport  ult-no-mobile \" data-animate=\"fadeInUp\" data-animation-delay=\"0.5\" data-animation-duration=\"1\" data-animation-iteration=\"1\" style=\"opacity:0;\" data-opacity_start_effect=\"80\">[vc_column_text][\/vc_column_text]<section class='special_tabs text horizontal'><div class='tab-selector col-xs-12 col-sm-12'><\/div><div class='tab-container col-xs-12 col-sm-12' style='margin-left:0px;'><\/div><div class='label 1'><div class='kraft_icon_special_tabs'><i class='fa linearicons-play'><\/i><\/div><div class='title'><a class='special_tabs_linkage'>WIZUALIZACJA DANYCH<\/a><\/div><div class='divider-vertical-tabs'><\/div><\/div><div class='content 1'><p>[vc_row_inner][vc_column_inner el_class=&#8221;as-bialy&#8221; width=&#8221;1\/2&#8243;][vc_custom_heading text=&#8221;WIZUALIZACJA DANYCH&#8221; font_container=&#8221;tag:h3|text_align:left&#8221; use_theme_fonts=&#8221;yes&#8221; css=&#8221;&#8221;][vc_column_text css=&#8221;&#8221;]Nasz\u0105 unikaln\u0105 ofert\u0105 s\u0105 rozbudowane infografiki, kt\u00f3re nie ilustruj\u0105 materia\u0142u, ale mog\u0105 go (w uproszczony spos\u00f3b) zast\u0105pi\u0107. Interpretujemy i czynimy zrozumia\u0142ymi najtrudniejsze specjalistyczne teksty &#8211; raporty, analizy, komentarze. Mamy do\u015bwiadczenie we wsp\u00f3\u0142pracy z ekspertami z r\u00f3\u017cnych dziedzin: gospodarki, energetyki, prawa, medycyny, spraw spo\u0142ecznych czy obronno\u015bci.<\/p>\n<p>Ca\u0142\u0105 warstw\u0119 estetyczn\u0105 &#8211; kolorystyk\u0119, typografi\u0119 tworzymy indywidualnie dla Klienta, zgodnie z jego \u017cyczeniem i identyfikacj\u0105 korporacyjn\u0105.[\/vc_column_text][\/vc_column_inner][vc_column_inner width=&#8221;1\/2&#8243; css=&#8221;.vc_custom_1531497924370{padding-right: 100px !important;}&#8221;][vc_single_image image=&#8221;585&#8243; img_size=&#8221;full&#8221; alignment=&#8221;right&#8221; css_animation=&#8221;fadeInUp&#8221;][\/vc_column_inner][\/vc_row_inner]<\/p>\n<\/div><div class='label 2'><div class='kraft_icon_special_tabs'><i class='fa linearicons-smartphone'><\/i><\/div><div class='title'><a class='special_tabs_linkage'>WYDAWNICTWO<\/a><\/div><div class='divider-vertical-tabs'><\/div><\/div><div class='content 2'><p>[vc_row_inner][vc_column_inner width=&#8221;1\/2&#8243;][vc_custom_heading text=&#8221;WYDAWNICTWO&#8221; font_container=&#8221;tag:h3|text_align:left&#8221; use_theme_fonts=&#8221;yes&#8221; css=&#8221;&#8221;][vc_column_text css=&#8221;&#8221;]Ponad 30 lat do\u015bwiadczenia gwarantuje najwy\u017cszy poziom realizacji projekt\u00f3w. Mo\u017cemy poszczyci\u0107 si\u0119 wieloletni\u0105 wsp\u00f3\u0142prac\u0105 z urz\u0119dami centralnymi, czo\u0142owymi think tankami, instytutami naukowymi, agencjami reklamowymi, PR-owymi i firmami komercyjnymi. Mamy bogate portfolio wsp\u00f3\u0142pracy z firmami z sektora finans\u00f3w, energetyki, spraw spo\u0142ecznych i nowych technologii.<\/p>\n<p>Specjalizujemy si\u0119 w ekspresowej produkcji raport\u00f3w, magazyn\u00f3w, broszur, katalog\u00f3w i ksi\u0105\u017cek.[\/vc_column_text][\/vc_column_inner][vc_column_inner width=&#8221;1\/2&#8243;][vc_empty_space height=&#8221;50px&#8221;][vc_column_text css=&#8221;&#8221;]Dysponujemy zespo\u0142em redakcyjnym &#8211; do Pa\u0144stwa dyspozycji s\u0105 redaktorzy, korektorzy, t\u0142umacze i dziennikarze. Ch\u0119tnie wesprzemy Pa\u0144stwa w ca\u0142ym procesie wydawniczym &#8211; od powstania tekstu i projektu do przygotowania publikacji drukowanych i elektronicznych (pdf, epub, mobi itp.).[\/vc_column_text][\/vc_column_inner][\/vc_row_inner]<\/p>\n<\/div><div class='label 3'><div class='kraft_icon_special_tabs'><i class='fa linearicons-bucket'><\/i><\/div><div class='title'><a class='special_tabs_linkage'>STUDIO DTP I DRUK<\/a><\/div><div class='divider-vertical-tabs'><\/div><\/div><div class='content 3'><p>[vc_row_inner][vc_column_inner width=&#8221;1\/2&#8243;][vc_custom_heading text=&#8221;STUDIO DTP I DRUK&#8221; font_container=&#8221;tag:h3|text_align:left&#8221; use_theme_fonts=&#8221;yes&#8221; css=&#8221;&#8221; el_class=&#8221;no-letter-spacing&#8221;][vc_column_text css=&#8221;&#8221;]Wykonujemy projekty publikacji, ksi\u0105\u017cek, periodyk\u00f3w oraz ok\u0142adek; sk\u0142ad i \u0142amanie tekstu; przygotowanie do druku ksi\u0105\u017cek, raport\u00f3w, magazyn\u00f3w; tak\u017ce opracowanie zdj\u0119\u0107 i infografik. Publikacje przygotowujemy zgodnie z obowi\u0105zuj\u0105cymi trendami, dopasowujemy uk\u0142ad layoutu do bran\u017cy, staramy si\u0119, aby ka\u017cde wydanie by\u0142o wyj\u0105tkowe i niepowtarzalne.<\/p>\n<p>Wsp\u00f3\u0142pracujemy z najlepszymi drukarniami \u2013 obs\u0142ugujemy du\u017ce nak\u0142ady w technologii offsetowej i mniejsze zlecenia wymagaj\u0105ce szybkiej realizacji w niskonak\u0142adowym druku cyfrowym.[\/vc_column_text][\/vc_column_inner][\/vc_row_inner]<\/p>\n<\/div>\n<\/section><\/div>[\/vc_column][\/vc_row][vc_row][vc_column][vc_media_grid style=&#8221;pagination&#8221; items_per_page=&#8221;12&#8243; element_width=&#8221;3&#8243; loop=&#8221;yes&#8221; item=&#8221;mediaGrid_FadeInWithIcon&#8221; css=&#8221;&#8221; initial_loading_animation=&#8221;slideInRight&#8221; grid_id=&#8221;vc_gid:1764107514840-25fc4b8e-67c6-10&#8243; include=&#8221;2395,2394,2393,2392,2391,2390,2389,2388,2378,2386,2385,2384,2397,2374,2406,2405,2404,2403,2402,2401,2400,2399,2398,2387,2383,2382,2381,2380,2379,2377,2376,2375,2396&#8243;][\/vc_column][\/vc_row][vc_row full_width=&#8221;stretch_row_content_no_spaces&#8221; full_height=&#8221;yes&#8221; content_placement=&#8221;middle&#8221; bg_type=&#8221;bg_color&#8221; parallax_content=&#8221;parallax_content_value&#8221; parallax_content_sense=&#8221;60&#8243; fadeout_row=&#8221;fadeout_row_value&#8221; fadeout_start_effect=&#8221;70&#8243; r_border=&#8221;#333333&#8243; css=&#8221;.vc_custom_1763073153491{background-color: #000000 !important;}&#8221; bg_color_value=&#8221;#050505&#8243;][vc_column css=&#8221;.vc_custom_1763073273184{background-color: #000000 !important;}&#8221;]<div id=\"uvc-type-wrap-7380\"  data-ultimate-target='#uvc-type-wrap-7380'  data-responsive-json-new='{\"font-size\":\"desktop:60px;\",\"line-height\":\"\"}'  class=\"uvc-type-wrap  ult-adjust-bottom-margin ult-responsive  uvc-type-align-center uvc-type-no-prefix uvc-wrap-52006584369e57ea94bfad\" style=\"text-align:center;\"><span id=\"typed-52006584369e57ea94bfad\" class=\"ultimate-typed-main fancytext-typewriter-background-enabled\" style=\"color:#ffffff;background:#000000; font-family:&#039;Montserrat&#039;;font-weight:normal; text-transform: unset;\"><\/span><script type=\"text\/javascript\">\n\t\t\t\t\t\tjQuery(function($){ \n\t\t\t\t\t\t\t$(document).ready(function(){\n\t\t\t\t\t\t\t\tif( typeof jQuery(\"#typed-52006584369e57ea94bfad\").typed == \"function\"){\n\t\t\t\t\t\t\t\t\t$(\"#typed-52006584369e57ea94bfad\").typed({\n\t\t\t\t\t\t\t\t\t\tstrings: [\"POKAZUJEMY DANE\",\"ZAMIAST TYSI\u0104CA S\u0141\u00d3W\"],\n\t\t\t\t\t\t\t\t\t\ttypeSpeed: 35,\n\t\t\t\t\t\t\t\t\t\tbackSpeed: 0,\n\t\t\t\t\t\t\t\t\t\tstartDelay: \"200\",\n\t\t\t\t\t\t\t\t\t\tbackDelay: \"1500\",\n\t\t\t\t\t\t\t\t\t\tloop: true,\n\t\t\t\t\t\t\t\t\t\tloopCount: false,\n\t\t\t\t\t\t\t\t\t\tshowCursor: true,\n\t\t\t\t\t\t\t\t\t\tcursorChar: \"|\",\n\t\t\t\t\t\t\t\t\t\tattr: null\n\t\t\t\t\t\t\t\t\t});\n\t\t\t\t\t\t\t\t}\n\t\t\t\t\t\t\t});\n\t\t\t\t\t\t});\n\t\t\t\t\t<\/script><\/div>[\/vc_column][\/vc_row][vc_row][vc_column][vc_empty_space height=&#8221;52px&#8221;][\/vc_column][\/vc_row][vc_row][vc_column width=&#8221;1\/2&#8243;]<div class=\"uavc-list-icon uavc-list-icon-wrapper ult-adjust-bottom-margin   \"><ul class=\"uavc-list\"><li><div class=\"uavc-list-content\" id=\"list-icon-wrap-8207\">\n<div class=\"uavc-list-icon  \" data-animation=\"\" data-animation-delay=\"03\" style=\"margin-right:5px;\"><div class=\"ult-just-icon-wrapper  \"><div class=\"align-icon\" style=\"text-align:center;\">\n<div class=\"aio-icon circle \"  style=\"background:#000000;font-size:50px;display:inline-block;\">\n\t<i class=\"Defaults-mobile mobile-phone\"><\/i>\n<\/div><\/div><\/div>\n<\/div><span  data-ultimate-target='#list-icon-wrap-8207 .uavc-list-desc'  data-responsive-json-new='{\"font-size\":\"\",\"line-height\":\"\"}'  class=\"uavc-list-desc ult-responsive\" style=\"\"><\/p>\n<h4>Telefon<\/h4>\n<p>602 499 322<\/p>\n<p>&nbsp;<\/p>\n<p><\/span><\/div><\/li><\/ul><\/div>[\/vc_column][vc_column width=&#8221;1\/2&#8243;]<div class=\"uavc-list-icon uavc-list-icon-wrapper ult-adjust-bottom-margin   \"><ul class=\"uavc-list\"><li><div class=\"uavc-list-content\" id=\"list-icon-wrap-4455\">\n<div class=\"uavc-list-icon  \" data-animation=\"\" data-animation-delay=\"03\" style=\"margin-right:30px;\"><div class=\"ult-just-icon-wrapper  \"><div class=\"align-icon\" style=\"text-align:center;\">\n<div class=\"aio-icon circle \"  style=\"color:#ffffff;background:#000000;font-size:60px;display:inline-block;\">\n\t<i class=\"Defaults-envelope-o\"><\/i>\n<\/div><\/div><\/div>\n<\/div><span  data-ultimate-target='#list-icon-wrap-4455 .uavc-list-desc'  data-responsive-json-new='{\"font-size\":\"\",\"line-height\":\"\"}'  class=\"uavc-list-desc ult-responsive\" style=\"\"><\/p>\n<h4>e-mail<\/h4>\n<div>office [malpa] nowemedia24.pl<\/div>\n<p>&nbsp;<\/p>\n<p><\/span><\/div><\/li><\/ul><\/div>[\/vc_column][\/vc_row][vc_row][vc_column]\n<div class=\"wpcf7 no-js\" id=\"wpcf7-f2337-o1\" lang=\"pl-PL\" dir=\"ltr\" data-wpcf7-id=\"2337\">\n<div class=\"screen-reader-response\"><p role=\"status\" aria-live=\"polite\" aria-atomic=\"true\"><\/p> <ul><\/ul><\/div>\n<form action=\"\/index.php\/wp-json\/wp\/v2\/pages\/2302#wpcf7-f2337-o1\" method=\"post\" class=\"wpcf7-form init\" aria-label=\"Formularz kontaktowy\" novalidate=\"novalidate\" data-status=\"init\">\n<fieldset class=\"hidden-fields-container\"><input type=\"hidden\" name=\"_wpcf7\" value=\"2337\" \/><input type=\"hidden\" name=\"_wpcf7_version\" value=\"6.1.3\" \/><input type=\"hidden\" name=\"_wpcf7_locale\" value=\"pl_PL\" \/><input type=\"hidden\" name=\"_wpcf7_unit_tag\" value=\"wpcf7-f2337-o1\" \/><input type=\"hidden\" name=\"_wpcf7_container_post\" value=\"0\" \/><input type=\"hidden\" name=\"_wpcf7_posted_data_hash\" value=\"\" \/>\n<\/fieldset>\n<p><label> Twoje imi\u0119 i nazwisko<br \/>\n<span class=\"wpcf7-form-control-wrap\" data-name=\"your-name\"><input size=\"40\" maxlength=\"400\" class=\"wpcf7-form-control wpcf7-text wpcf7-validates-as-required\" autocomplete=\"name\" aria-required=\"true\" aria-invalid=\"false\" value=\"\" type=\"text\" name=\"your-name\" \/><\/span> <\/label>\n<\/p>\n<div style=\"width: 40%;\">\n\t<p><label> Tw\u00f3j adres e-mail<br \/>\n<span class=\"wpcf7-form-control-wrap\" data-name=\"your-email\"><input size=\"40\" maxlength=\"400\" class=\"wpcf7-form-control wpcf7-email wpcf7-validates-as-required wpcf7-text wpcf7-validates-as-email\" autocomplete=\"email\" aria-required=\"true\" aria-invalid=\"false\" value=\"\" type=\"email\" name=\"your-email\" \/><\/span> <\/label>\n\t<\/p>\n<\/div>\n<p><label> Temat<br \/>\n<span class=\"wpcf7-form-control-wrap\" data-name=\"your-subject\"><input size=\"40\" maxlength=\"400\" class=\"wpcf7-form-control wpcf7-text wpcf7-validates-as-required\" aria-required=\"true\" aria-invalid=\"false\" value=\"\" type=\"text\" name=\"your-subject\" \/><\/span> <\/label>\n<\/p>\n<p><label> Twoja wiadomo\u015bci (opcjonalne)<br \/>\n<span class=\"wpcf7-form-control-wrap\" data-name=\"your-message\"><textarea cols=\"40\" rows=\"10\" maxlength=\"2000\" class=\"wpcf7-form-control wpcf7-textarea\" aria-invalid=\"false\" name=\"your-message\"><\/textarea><\/span> <\/label>\n<\/p>\n<p><input class=\"wpcf7-form-control wpcf7-submit has-spinner\" type=\"submit\" value=\"Wy\u015blij\" \/>\n<\/p><div class=\"wpcf7-response-output\" aria-hidden=\"true\"><\/div>\n<\/form>\n<\/div>\n[\/vc_column][\/vc_row]<\/p>\n<\/div>","protected":false},"excerpt":{"rendered":"<p>[vc_row css_animation=&#8221;fadeInUp&#8221; css=&#8221;.vc_custom_1595433103545{padding-top: 50px !important;padding-bottom: 120px !important;}&#8221;][vc_column][\/vc_column][\/vc_row][vc_row][vc_column][vc_media_grid style=&#8221;pagination&#8221; items_per_page=&#8221;12&#8243; element_width=&#8221;3&#8243; loop=&#8221;yes&#8221; item=&#8221;mediaGrid_FadeInWithIcon&#8221; css=&#8221;&#8221; initial_loading_animation=&#8221;slideInRight&#8221; grid_id=&#8221;vc_gid:1764107514840-25fc4b8e-67c6-10&#8243; include=&#8221;2395,2394,2393,2392,2391,2390,2389,2388,2378,2386,2385,2384,2397,2374,2406,2405,2404,2403,2402,2401,2400,2399,2398,2387,2383,2382,2381,2380,2379,2377,2376,2375,2396&#8243;][\/vc_column][\/vc_row][vc_row full_width=&#8221;stretch_row_content_no_spaces&#8221; full_height=&#8221;yes&#8221; content_placement=&#8221;middle&#8221; bg_type=&#8221;bg_color&#8221; parallax_content=&#8221;parallax_content_value&#8221; parallax_content_sense=&#8221;60&#8243; fadeout_row=&#8221;fadeout_row_value&#8221; fadeout_start_effect=&#8221;70&#8243; r_border=&#8221;#333333&#8243; css=&#8221;.vc_custom_1763073153491{background-color: #000000 !important;}&#8221; bg_color_value=&#8221;#050505&#8243;][vc_column css=&#8221;.vc_custom_1763073273184{background-color: #000000 !important;}&#8221;][\/vc_column][\/vc_row][vc_row][vc_column][vc_empty_space height=&#8221;52px&#8221;][\/vc_column][\/vc_row][vc_row][vc_column width=&#8221;1\/2&#8243;][\/vc_column][vc_column width=&#8221;1\/2&#8243;][\/vc_column][\/vc_row][vc_row][vc_column][\/vc_column][\/vc_row]<\/p>\n","protected":false},"author":1,"featured_media":0,"parent":0,"menu_order":0,"comment_status":"closed","ping_status":"closed","template":"page.php","meta":{"footnotes":""},"class_list":["post-2302","page","type-page","status-publish","hentry"],"_links":{"self":[{"href":"https:\/\/nowemedia24.pl\/index.php\/wp-json\/wp\/v2\/pages\/2302","targetHints":{"allow":["GET"]}}],"collection":[{"href":"https:\/\/nowemedia24.pl\/index.php\/wp-json\/wp\/v2\/pages"}],"about":[{"href":"https:\/\/nowemedia24.pl\/index.php\/wp-json\/wp\/v2\/types\/page"}],"author":[{"embeddable":true,"href":"https:\/\/nowemedia24.pl\/index.php\/wp-json\/wp\/v2\/users\/1"}],"replies":[{"embeddable":true,"href":"https:\/\/nowemedia24.pl\/index.php\/wp-json\/wp\/v2\/comments?post=2302"}],"version-history":[{"count":66,"href":"https:\/\/nowemedia24.pl\/index.php\/wp-json\/wp\/v2\/pages\/2302\/revisions"}],"predecessor-version":[{"id":2426,"href":"https:\/\/nowemedia24.pl\/index.php\/wp-json\/wp\/v2\/pages\/2302\/revisions\/2426"}],"wp:attachment":[{"href":"https:\/\/nowemedia24.pl\/index.php\/wp-json\/wp\/v2\/media?parent=2302"}],"curies":[{"name":"wp","href":"https:\/\/api.w.org\/{rel}","templated":true}]}}